{"id":1488,"date":"2018-03-13T10:04:05","date_gmt":"2018-03-13T09:04:05","guid":{"rendered":"http:\/\/schultafel24.eu\/?page_id=1488"},"modified":"2020-09-28T12:52:27","modified_gmt":"2020-09-28T10:52:27","slug":"lotus-sitz-steh-workstation-weiss","status":"publish","type":"page","link":"https:\/\/schultafel24.eu\/index.php\/produkte\/der-ergonomische-arbeitsplatz\/lotus-dx-sitz-steh-workstation\/lotus-sitz-steh-workstation-weiss\/","title":{"rendered":"Lotus\u2122 Sitz-Steh Workstation \u2013 wei\u00df"},"content":{"rendered":"<h1>Lotus\u2122 Sitz-Steh Workstation<\/h1>\n<p>Sitz-Steh Desktop Workstation regt zu mehr Bewegung bei der Schreibtischarbeit an und unterst\u00fctzt den Anwender bei der Reduzierung langer Sitzphasen<br \/>\nSmooth Lift\u2122 Gegengewicht-Technologie und ergonomische Hebel erm\u00f6glichen einfache und st\u00f6rungsfreie H\u00f6henverstellung<br \/>\nVielseitige L\u00f6sung, geeignet f\u00fcr verschiedene Nutzertypen und Arbeitsstile<br \/>\nMit 22 H\u00f6heneinstellungen; in der niedrigsten Einstellung b\u00fcndig zur Tischfl\u00e4che<br \/>\nStabile Plattform f\u00fcr angenehmes Tippen in jeder Einstellung<br \/>\nIntuitives Kabelmanagement und Aussparung zum Laden von Smartphone oder Tablet<br \/>\nKomplett vormontiert \u2013 sofort einsatzbereit<br \/>\nZwei Arbeitsfl\u00e4chen bieten gro\u00dfz\u00fcgigen Platz f\u00fcr Schreibtischzubeh\u00f6r<br \/>\nPassende Monitorarme f\u00fcr einen oder zwei Monitore separat erh\u00e4ltlich<br \/>\nHier geht\u2019s es direkt zur Produktseite in unserem Online-Shop unter: <a href=\"http:\/\/schultafel24.eu\/index.php\/produkt\/lotus-sitz-steh-workstation-weiss\/\">https:\/\/schultafel24.eu\/index.php\/produkt\/lotus-sitz-steh-workstation-weiss\/<\/a><br \/>\n<style type=\"text\/css\" scoped>.roboGalleryLoaderSpinner{margin:50px auto;width:50px;height:40px;text-align:center;font-size:10px;}.roboGalleryLoaderSpinner > div{background-color:#333; height:100%; width:6px; display:inline-block; -webkit-animation:roboGalleryLoader-stretchdelay 1.2s infinite ease-in-out; animation:roboGalleryLoader-stretchdelay 1.2s infinite ease-in-out;}.roboGalleryLoaderSpinner .roboGalleryLoaderRect2{-webkit-animation-delay:-1.1s; animation-delay:-1.1s;}.roboGalleryLoaderSpinner .roboGalleryLoaderRect3{-webkit-animation-delay:-1.0s; animation-delay:-1.0s;}.roboGalleryLoaderSpinner .roboGalleryLoaderRect4{-webkit-animation-delay:-0.9s; animation-delay:-0.9s;}.roboGalleryLoaderSpinner .roboGalleryLoaderRect5{-webkit-animation-delay:-0.8s; animation-delay:-0.8s;}@-webkit-keyframes roboGalleryLoader-stretchdelay{0%,40%,100%{-webkit-transform:scaleY(0.4) } 20%{-webkit-transform:scaleY(1.0) }}@keyframes roboGalleryLoader-stretchdelay{0%,40%,100%{ transform:scaleY(0.4); -webkit-transform:scaleY(0.4); } 20%{ transform:scaleY(1.0); -webkit-transform:scaleY(1.0); }}<\/style><div id=\"robo_gallery_loading_rbs_gallery_69f33d3711fce\" class=\"roboGalleryLoaderSpinner\"><div class=\"roboGalleryLoaderRect1\"><\/div> <div class=\"roboGalleryLoaderRect2\"><\/div> <div class=\"roboGalleryLoaderRect3\"><\/div> <div class=\"roboGalleryLoaderRect4\"><\/div> <div class=\"roboGalleryLoaderRect5\"><\/div><\/div><div id=\"robo_gallery_main_block_rbs_gallery_69f33d3711fce\" class=\"robogallery-gallery-1481\" style=\"width:50%;  display: none;\"><div> <\/div><div class=\"rbs_gallery_button rbs_gallery_align_left\"  id=\"rbs_gallery_69f33d3711fcefilter\"><\/div><div id=\"rbs_gallery_69f33d3711fce\" data-options=\"rbs_gallery_69f33d3711fce\" style=\"width:100%;\" class=\"robo_gallery\"><div class=\"rbs-img category1481 \" ><div class=\"rbs-img-image  rbs-lightbox\"   ><div data-thumbnail=\"https:\/\/schultafel24.eu\/wp-content\/uploads\/2018\/03\/0007901_8042901_Lotus_wDual_up-300x300.png\" title=\"0007901_8042901_Lotus_wDual_up\" data-width=\"300\" data-height=\"300\" ><\/div><div data-popup=\"https:\/\/schultafel24.eu\/wp-content\/uploads\/2018\/03\/0007901_8042901_Lotus_wDual_up.png\" data-alt=\"0007901_8042901_Lotus_wDual_up\" title=\"0007901_8042901_Lotus_wDual_up\" ><\/div><div class=\"thumbnail-overlay\"><\/div><\/div><\/div><div class=\"rbs-img category1481 \" ><div class=\"rbs-img-image  rbs-lightbox\"   ><div data-thumbnail=\"https:\/\/schultafel24.eu\/wp-content\/uploads\/2018\/03\/0007901_Lotus_down_left-300x300.png\" title=\"0007901_Lotus_down_left\" data-width=\"300\" data-height=\"300\" ><\/div><div data-popup=\"https:\/\/schultafel24.eu\/wp-content\/uploads\/2018\/03\/0007901_Lotus_down_left.png\" data-alt=\"0007901_Lotus_down_left\" title=\"0007901_Lotus_down_left\" ><\/div><div class=\"thumbnail-overlay\"><\/div><\/div><\/div><div class=\"rbs-img category1481 \" ><div class=\"rbs-img-image  rbs-lightbox\"   ><div data-thumbnail=\"https:\/\/schultafel24.eu\/wp-content\/uploads\/2018\/03\/0007901_Lotus_up_left-1-300x300.png\" title=\"0007901_Lotus_up_left\" data-width=\"300\" data-height=\"300\" ><\/div><div data-popup=\"https:\/\/schultafel24.eu\/wp-content\/uploads\/2018\/03\/0007901_Lotus_up_left-1.png\" data-alt=\"0007901_Lotus_up_left\" title=\"0007901_Lotus_up_left\" ><\/div><div class=\"thumbnail-overlay\"><\/div><\/div><\/div><div class=\"rbs-img category1481 \" ><div class=\"rbs-img-image  rbs-lightbox\"   ><div data-thumbnail=\"https:\/\/schultafel24.eu\/wp-content\/uploads\/2018\/03\/0007901_Lotus_wMonitor_front-300x300.png\" title=\"0007901_Lotus_wMonitor_front\" data-width=\"300\" data-height=\"300\" ><\/div><div data-popup=\"https:\/\/schultafel24.eu\/wp-content\/uploads\/2018\/03\/0007901_Lotus_wMonitor_front.png\" data-alt=\"0007901_Lotus_wMonitor_front\" title=\"0007901_Lotus_wMonitor_front\" ><\/div><div class=\"thumbnail-overlay\"><\/div><\/div><\/div><div class=\"rbs-img category1481 \" ><div class=\"rbs-img-image  rbs-lightbox\"   ><div data-thumbnail=\"https:\/\/schultafel24.eu\/wp-content\/uploads\/2018\/03\/0007901_0009901_Lotus_CordMgmt-300x300.png\" title=\"0007901_0009901_Lotus_CordMgmt\" data-width=\"300\" data-height=\"300\" ><\/div><div data-popup=\"https:\/\/schultafel24.eu\/wp-content\/uploads\/2018\/03\/0007901_0009901_Lotus_CordMgmt.png\" data-alt=\"0007901_0009901_Lotus_CordMgmt\" title=\"0007901_0009901_Lotus_CordMgmt\" ><\/div><div class=\"thumbnail-overlay\"><\/div><\/div><\/div><\/div><div> <\/div><\/div><script>var rbs_gallery_69f33d3711fce = {\"filterContainer\": \"#rbs_gallery_69f33d3711fcefilter\", \"loadingContainer\": \"#robo_gallery_loading_rbs_gallery_69f33d3711fce\", \"mainContainer\": \"#robo_gallery_main_block_rbs_gallery_69f33d3711fce\", \"touch\": 1, \"touchDirection\": \"\", \"lightboxOptions\": { gallery: { enabled: true, tCounter: \"%curr% of %total%\" } }, \"resolutions\": [ {\"columnWidth\": \"auto\" , \"columns\":1 , \"maxWidth\": 450}, {\"columnWidth\": \"auto\" , \"columns\":2 , \"maxWidth\": 650}, {\"columnWidth\": \"auto\" , \"columns\":3 , \"maxWidth\": 960}], \"overlayEffect\": \"direction-aware-fade\", \"boxesToLoadStart\": 12, \"boxesToLoad\": 8, \"lazyLoad\": true, \"waitUntilThumbLoads\": true, \"waitForAllThumbsNoMatterWhat\": false, \"deepLinking\": false, \"LoadingWord\": \"Loading...\", \"loadMoreWord\": \"Load More\", \"loadMoreClass\": \"button-border-caution \", \"noMoreEntriesWord\": \"No More Entries\", \"horizontalSpaceBetweenBoxes\": 15, \"verticalSpaceBetweenBoxes\": 15}, rbs_gallery_69f33d3711fce_css = \"#rbs_gallery_69f33d3711fce .rbs-img-container{ -webkit-border-radius: 5px; -moz-border-radius: 5px; border-radius: 5px;-webkit-box-shadow:0px 5px 7px rgba(34, 25, 25, 0.4) ;-moz-box-shadow: \t0px 5px 7px rgba(34, 25, 25, 0.4) ;-o-box-shadow: \t0px 5px 7px rgba(34, 25, 25, 0.4) ;-ms-box-shadow: \t0px 5px 7px rgba(34, 25, 25, 0.4) ;box-shadow: \t\t0px 5px 7px rgba(34, 25, 25, 0.4) ;}#rbs_gallery_69f33d3711fce .thumbnail-overlay{background: rgba(7, 7, 7, 0.5);}#rbs_gallery_69f33d3711fce .image-with-dimensions{background-color: rgb(255, 255, 255);}body .mfp-title, body .mfp-counter{color: rgb(243, 243, 243);}\",roboGalleryDelay = 0; head = document.head || document.getElementsByTagName(\"head\")[0], style = document.createElement(\"style\"); style.type = \"text\/css\"; if (style.styleSheet) style.styleSheet.cssText = rbs_gallery_69f33d3711fce_css; \telse  style.appendChild(document.createTextNode(rbs_gallery_69f33d3711fce_css)); head.appendChild(style);<\/script><\/p>\n<table>\n<tbody>\n<tr>\n<td><b>Produkt<\/b><\/td>\n<td><b>Tragkraft<\/b><\/td>\n<td><b>Farbe<\/b><\/td>\n<td><b>Artikelnummer<\/b><\/td>\n<\/tr>\n<tr>\n<td>Sitz-Steh Workstation Lotus<\/td>\n<td>15,8 kg<\/td>\n<td>schwarz<\/td>\n<td>0007901<\/td>\n<\/tr>\n<tr>\n<td>Sitz-Steh Workstation Lotus<\/td>\n<td>15,8 kg<\/td>\n<td>wei\u00df<\/td>\n<td>0009901<\/td>\n<\/tr>\n<tr>\n<td>Zubeh\u00f6r: TFT-\/LCD-Doppel-Monitorarm Lotus bis 27&#8243;<\/td>\n<td>bis 7 kg<\/td>\n<td>silber<\/td>\n<td>8042901<\/td>\n<\/tr>\n<tr>\n<td>Zubeh\u00f6r: TFT-\/LCD-Monitorarm Lotus bis 27&#8243;<\/td>\n<td>bis 7 kg<\/td>\n<td>silber<\/td>\n<td>8042801<\/td>\n<\/tr>\n<\/tbody>\n<\/table>\n","protected":false},"excerpt":{"rendered":"<p>Lotus\u2122 Sitz-Steh Workstation Sitz-Steh Desktop Workstation regt zu mehr Bewegung bei der Schreibtischarbeit an und unterst\u00fctzt den Anwender bei der Reduzierung langer Sitzphasen Smooth Lift\u2122 Gegengewicht-Technologie<span class=\"excerpt-hellip\"> [\u2026]<\/span><\/p>\n","protected":false},"author":1,"featured_media":0,"parent":1421,"menu_order":0,"comment_status":"closed","ping_status":"closed","template":"","meta":{"spay_email":""},"jetpack_sharing_enabled":true,"jetpack_shortlink":"https:\/\/wp.me\/P9EdkG-o0","_links":{"self":[{"href":"https:\/\/schultafel24.eu\/index.php\/wp-json\/wp\/v2\/pages\/1488"}],"collection":[{"href":"https:\/\/schultafel24.eu\/index.php\/wp-json\/wp\/v2\/pages"}],"about":[{"href":"https:\/\/schultafel24.eu\/index.php\/wp-json\/wp\/v2\/types\/page"}],"author":[{"embeddable":true,"href":"https:\/\/schultafel24.eu\/index.php\/wp-json\/wp\/v2\/users\/1"}],"replies":[{"embeddable":true,"href":"https:\/\/schultafel24.eu\/index.php\/wp-json\/wp\/v2\/comments?post=1488"}],"version-history":[{"count":7,"href":"https:\/\/schultafel24.eu\/index.php\/wp-json\/wp\/v2\/pages\/1488\/revisions"}],"predecessor-version":[{"id":1581,"href":"https:\/\/schultafel24.eu\/index.php\/wp-json\/wp\/v2\/pages\/1488\/revisions\/1581"}],"up":[{"embeddable":true,"href":"https:\/\/schultafel24.eu\/index.php\/wp-json\/wp\/v2\/pages\/1421"}],"wp:attachment":[{"href":"https:\/\/schultafel24.eu\/index.php\/wp-json\/wp\/v2\/media?parent=1488"}],"curies":[{"name":"wp","href":"https:\/\/api.w.org\/{rel}","templated":true}]}}