{"id":201,"date":"2018-01-09T14:21:15","date_gmt":"2018-01-09T13:21:15","guid":{"rendered":"http:\/\/new.schultafel24.eu\/Individual\/?page_id=201"},"modified":"2018-03-12T12:29:55","modified_gmt":"2018-03-12T11:29:55","slug":"emailliertem-stahl","status":"publish","type":"page","link":"https:\/\/schultafel24.eu\/index.php\/massgeschneiderte-loesungen\/runde-weisswandtafel\/emailliertem-stahl\/","title":{"rendered":"Emaillierter Stahl"},"content":{"rendered":"<h2><b><br \/>\nShapes &#8211; Rund<br \/>\n<\/b><\/h2>\n<p>Diese elegante runde Schreibtafel beweist, dass ein Whiteboard nicht zwangsl\u00e4ufig rechteckig sein muss. Sie k\u00f6nnen die runden Chameleon Writing Shapes als einzelnes Designobjekt einsetzen oder eine eigene Konstellation aus mehreren Tafeln gestalten. Im Rahmen der Shapes-Serie k\u00f6nnen diese Schreibtafeln auch mit den Chameleon Pinning Shapes derselben Form und Gr\u00f6\u00dfe kombiniert werden.<br \/>\nDie Whiteboards (10 mm dick) aus emailliertem Stahl oder silber metallic eignen sich f\u00fcr die sehr intensive und lange Nutzung. Magnethaftend und trocken abwischbar.<br \/>\nDie Art der Montage erm\u00f6glicht einen spielerischen Umgang mit unterschiedlichen Anordnungen. Die Tafeln verf\u00fcgen \u00fcber eine leistungsstarke und benutzerfreundliche Magnetkonstruktion, die nach der Montage ein einfaches Auswechseln und Geradeh\u00e4ngen erm\u00f6glichen.<\/p>\n<p>60 cm<\/p>\n<table>\n<tbody>\n<tr>\n<td><b>Durchmesser<\/b><\/td>\n<td><b>Artikelnummer<\/b><\/td>\n<\/tr>\n<tr>\n<td>60 cm<\/td>\n<td>16003.021<\/td>\n<\/tr>\n<tr>\n<td>98 cm<\/td>\n<td>16003.022<\/td>\n<\/tr>\n<tr>\n<td>118 cm<\/td>\n<td>16003.023<\/td>\n<\/tr>\n<\/tbody>\n<\/table>\n","protected":false},"excerpt":{"rendered":"<p>Shapes &#8211; Rund Diese elegante runde Schreibtafel beweist, dass ein Whiteboard nicht zwangsl\u00e4ufig rechteckig sein muss. Sie k\u00f6nnen die runden Chameleon Writing Shapes als einzelnes Designobjekt<span class=\"excerpt-hellip\"> [\u2026]<\/span><\/p>\n","protected":false},"author":1,"featured_media":0,"parent":197,"menu_order":0,"comment_status":"closed","ping_status":"closed","template":"","meta":{"spay_email":""},"jetpack_sharing_enabled":true,"jetpack_shortlink":"https:\/\/wp.me\/P9EdkG-3f","_links":{"self":[{"href":"https:\/\/schultafel24.eu\/index.php\/wp-json\/wp\/v2\/pages\/201"}],"collection":[{"href":"https:\/\/schultafel24.eu\/index.php\/wp-json\/wp\/v2\/pages"}],"about":[{"href":"https:\/\/schultafel24.eu\/index.php\/wp-json\/wp\/v2\/types\/page"}],"author":[{"embeddable":true,"href":"https:\/\/schultafel24.eu\/index.php\/wp-json\/wp\/v2\/users\/1"}],"replies":[{"embeddable":true,"href":"https:\/\/schultafel24.eu\/index.php\/wp-json\/wp\/v2\/comments?post=201"}],"version-history":[{"count":25,"href":"https:\/\/schultafel24.eu\/index.php\/wp-json\/wp\/v2\/pages\/201\/revisions"}],"predecessor-version":[{"id":1413,"href":"https:\/\/schultafel24.eu\/index.php\/wp-json\/wp\/v2\/pages\/201\/revisions\/1413"}],"up":[{"embeddable":true,"href":"https:\/\/schultafel24.eu\/index.php\/wp-json\/wp\/v2\/pages\/197"}],"wp:attachment":[{"href":"https:\/\/schultafel24.eu\/index.php\/wp-json\/wp\/v2\/media?parent=201"}],"curies":[{"name":"wp","href":"https:\/\/api.w.org\/{rel}","templated":true}]}}