{"id":249,"date":"2018-01-09T16:27:37","date_gmt":"2018-01-09T15:27:37","guid":{"rendered":"http:\/\/new.schultafel24.eu\/Individual\/?page_id=249"},"modified":"2018-02-20T08:34:01","modified_gmt":"2018-02-20T07:34:01","slug":"metallic","status":"publish","type":"page","link":"https:\/\/schultafel24.eu\/index.php\/massgeschneiderte-loesungen\/sechseck-weisswandtafeln\/metallic\/","title":{"rendered":"Metallic"},"content":{"rendered":"<h2>\n<b><br \/>\nSechseck &#8211; Metallic<br \/>\n<\/b><br \/>\n<\/h2>\n<p>Rahmenloses Whiteboard, dessen Ausstrahlung sich perfekt sowohl in kreative als auch in formelle Einrichtungen integriert. Die sechseckige Form ist perfekt geeignet, um mehrere Tafeln zu individuellen Konstellationen zusammenzuf\u00fcgen.<br \/>\nWenn man die einzelnen Tafeln in einem kleinen Abstand voneinander montiert, kommen die kontrastierenden schwarzen R\u00e4nder besonders sch\u00f6n zur Geltung.<br \/>\nDie Whiteboards (10 mm dick) aus emailliertem Stahl oder Silber metallic eignen sich f\u00fcr die sehr intensive und lange Nutzung. Magnethaftend und trocken abwischbar.<br \/>\nKombiniere Pinnwand und Schreiboberfl\u00e4che<br \/>\nKombinieren Sie Pinnwand und Schreiboberfl\u00e4che zu einem stimmigen Designkonzept mit maximaler Funktionalit\u00e4t. Chameleon Pinning Shapes regen zum Spiel mit Farben und Formen an, mit denen Sie Ihr B\u00fcroumfeld vollkommen individuell gestalten k\u00f6nnen.<\/p>\n<table>\n<tr>\n<td><b>Durchschnitt<\/b><\/td>\n<td><b>Artikelnummer<\/b><\/td>\n<tr>\n<p align=\"left\">\n<td>60 cm<\/td>\n<td>16004.001<\/td>\n<tr>\n<td>98 cm<\/td>\n<td>16004.002<\/td>\n<tr>\n<td>118 cm<\/td>\n<td>16004.003<\/td>\n<\/tr>\n<\/tr>\n<\/tr>\n<\/table>\n","protected":false},"excerpt":{"rendered":"<p>Sechseck &#8211; Metallic Rahmenloses Whiteboard, dessen Ausstrahlung sich perfekt sowohl in kreative als auch in formelle Einrichtungen integriert. Die sechseckige Form ist perfekt geeignet, um mehrere<span class=\"excerpt-hellip\"> [\u2026]<\/span><\/p>\n","protected":false},"author":1,"featured_media":0,"parent":243,"menu_order":0,"comment_status":"closed","ping_status":"closed","template":"","meta":{"spay_email":""},"jetpack_sharing_enabled":true,"jetpack_shortlink":"https:\/\/wp.me\/P9EdkG-41","_links":{"self":[{"href":"https:\/\/schultafel24.eu\/index.php\/wp-json\/wp\/v2\/pages\/249"}],"collection":[{"href":"https:\/\/schultafel24.eu\/index.php\/wp-json\/wp\/v2\/pages"}],"about":[{"href":"https:\/\/schultafel24.eu\/index.php\/wp-json\/wp\/v2\/types\/page"}],"author":[{"embeddable":true,"href":"https:\/\/schultafel24.eu\/index.php\/wp-json\/wp\/v2\/users\/1"}],"replies":[{"embeddable":true,"href":"https:\/\/schultafel24.eu\/index.php\/wp-json\/wp\/v2\/comments?post=249"}],"version-history":[{"count":3,"href":"https:\/\/schultafel24.eu\/index.php\/wp-json\/wp\/v2\/pages\/249\/revisions"}],"predecessor-version":[{"id":255,"href":"https:\/\/schultafel24.eu\/index.php\/wp-json\/wp\/v2\/pages\/249\/revisions\/255"}],"up":[{"embeddable":true,"href":"https:\/\/schultafel24.eu\/index.php\/wp-json\/wp\/v2\/pages\/243"}],"wp:attachment":[{"href":"https:\/\/schultafel24.eu\/index.php\/wp-json\/wp\/v2\/media?parent=249"}],"curies":[{"name":"wp","href":"https:\/\/api.w.org\/{rel}","templated":true}]}}