{"id":269,"date":"2018-01-11T08:29:29","date_gmt":"2018-01-11T07:29:29","guid":{"rendered":"http:\/\/new.schultafel24.eu\/Individual\/?page_id=269"},"modified":"2018-02-20T08:41:38","modified_gmt":"2018-02-20T07:41:38","slug":"metallic","status":"publish","type":"page","link":"https:\/\/schultafel24.eu\/index.php\/massgeschneiderte-loesungen\/metallic\/","title":{"rendered":"Metallic"},"content":{"rendered":"<h2>\n<b><br \/>\nSprechblasentafel silber metallic<br \/>\n<\/b><br \/>\n<\/h2>\n<p>\u00c4u\u00dfern Sie Ihre Ideen in diesen Textblasen. Speech ist ein kreatives Whiteboard. Diese Tafel kann zum Beispiel zum praktischen Zusammentragen von Mitarbeitervorschl\u00e4gen eingesetzt werden, aber ebenso als spielerisches Objekt in B\u00fcros oder Klassenzimmern dienen. Diese Whiteboards leisten auch in Brainstormr\u00e4umen hervorragende Dienste!<br \/>\nDie Whiteboards (10 mm dick) aus emailliertem Stahl oder Silber metallic eignen sich f\u00fcr die sehr intensive und lange Nutzung. Magnethaftend und trocken abwischbar. Inklusiv verdeckter Montage.<\/p>\n<table>\n<tr>\n<td><b>Ma\u00dfe<\/b><\/td>\n<td><b>Artikelnummer<\/b><\/td>\n<tr>\n<p align=\"left\">\n<td>88\u00d7118 cm<\/td>\n<td>16004.052<\/td>\n<tr>\n<td>58\u00d788 cm<\/td>\n<td>16004.051<\/td>\n<\/tr>\n<\/tr>\n<\/table>\n","protected":false},"excerpt":{"rendered":"<p>Sprechblasentafel silber metallic \u00c4u\u00dfern Sie Ihre Ideen in diesen Textblasen. Speech ist ein kreatives Whiteboard. Diese Tafel kann zum Beispiel zum praktischen Zusammentragen von Mitarbeitervorschl\u00e4gen eingesetzt<span class=\"excerpt-hellip\"> [\u2026]<\/span><\/p>\n","protected":false},"author":1,"featured_media":0,"parent":58,"menu_order":0,"comment_status":"closed","ping_status":"closed","template":"","meta":{"spay_email":""},"jetpack_sharing_enabled":true,"jetpack_shortlink":"https:\/\/wp.me\/P9EdkG-4l","_links":{"self":[{"href":"https:\/\/schultafel24.eu\/index.php\/wp-json\/wp\/v2\/pages\/269"}],"collection":[{"href":"https:\/\/schultafel24.eu\/index.php\/wp-json\/wp\/v2\/pages"}],"about":[{"href":"https:\/\/schultafel24.eu\/index.php\/wp-json\/wp\/v2\/types\/page"}],"author":[{"embeddable":true,"href":"https:\/\/schultafel24.eu\/index.php\/wp-json\/wp\/v2\/users\/1"}],"replies":[{"embeddable":true,"href":"https:\/\/schultafel24.eu\/index.php\/wp-json\/wp\/v2\/comments?post=269"}],"version-history":[{"count":1,"href":"https:\/\/schultafel24.eu\/index.php\/wp-json\/wp\/v2\/pages\/269\/revisions"}],"predecessor-version":[{"id":270,"href":"https:\/\/schultafel24.eu\/index.php\/wp-json\/wp\/v2\/pages\/269\/revisions\/270"}],"up":[{"embeddable":true,"href":"https:\/\/schultafel24.eu\/index.php\/wp-json\/wp\/v2\/pages\/58"}],"wp:attachment":[{"href":"https:\/\/schultafel24.eu\/index.php\/wp-json\/wp\/v2\/media?parent=269"}],"curies":[{"name":"wp","href":"https:\/\/api.w.org\/{rel}","templated":true}]}}