{"id":291,"date":"2018-01-11T09:17:25","date_gmt":"2018-01-11T08:17:25","guid":{"rendered":"http:\/\/new.schultafel24.eu\/Individual\/?page_id=291"},"modified":"2018-03-12T12:38:42","modified_gmt":"2018-03-12T11:38:42","slug":"curve-weisswandtafel","status":"publish","type":"page","link":"https:\/\/schultafel24.eu\/index.php\/massgeschneiderte-loesungen\/curve-weisswandtafel\/","title":{"rendered":"Curve Whiteboard"},"content":{"rendered":"<h2><b><br \/>\nCurve Wei\u00dfwandtafel<br \/>\n<\/b><\/h2>\n<p>Curve ist eine rahmenlose Whiteboard-Tafel mit abgerundeten Ecken und schwarz lackierten R\u00e4ndern. Die Tafel kann wie ein Designobjekt aufgeh\u00e4ngt werden. Inklusiv verdeckter Montage.<br \/>\nMontieren Sie mehrere Paneele mit kleinen oder gr\u00f6\u00dferen Zwischenr\u00e4umen an der Wand und genie\u00dfen Sie die dekorative Funktion des Kontrasts aus schwarzen Seiten mit abgerundeten Ecken..<br \/>\nFirmenlogo ausgeschnitten oder aufgedruckt<br \/>\nVerleihen Sie Ihrem Innenraumkonzept den letzten Schliff: wir schneiden Ihr Firmenlogo aus den Curve-Tafeln f\u00fcr Sie aus. Auch ein individueller Aufdruck verleiht dem Whiteboard eine ganz pers\u00f6nliche Note. Optional sind auch Tafeloberfl\u00e4chen wie Silber-Metallic oder Kreidegrau und -gr\u00fcn erh\u00e4ltlich. Fragen Sie Ihren Verkaufsberater danach.<br \/>\nHochwertiger emailliertem Schreiboberfl\u00e4che<br \/>\nWei\u00dfwandtafel-Paneel (Dicke 10 mm) in qualitativ hochwertiger Qualit\u00e4t mit emailliertem Stahl (800\u02da C) f\u00fcr eine sehr intensive und dauerhafte Nutzung. F\u00fcr Magnetbefestigung geeignet, trocken abwischbar.<\/p>\n<table>\n<tbody>\n<tr>\n<td><b>Ma\u00dfe<\/b><\/td>\n<td><b>Artikelnummer<\/b><\/td>\n<\/tr>\n<tr>\n<td>118\u00d7298 cm<\/td>\n<td>16002.001<\/td>\n<\/tr>\n<tr>\n<td>118\u00d7238 cm<\/td>\n<td>16002.002<\/td>\n<\/tr>\n<tr>\n<td>118\u00d7178 cm<\/td>\n<td>16002.003<\/td>\n<\/tr>\n<tr>\n<td>118\u00d7148 cm<\/td>\n<td>16002.004<\/td>\n<\/tr>\n<tr>\n<td>98\u00d7198 cm<\/td>\n<td>16002.005<\/td>\n<\/tr>\n<tr>\n<td>98\u00d7148 cm<\/td>\n<td>16002.006<\/td>\n<\/tr>\n<tr>\n<td>98\u00d798 cm<\/td>\n<td>16002.007<\/td>\n<\/tr>\n<tr>\n<td>88\u00d7178 cm<\/td>\n<td>16002.008<\/td>\n<\/tr>\n<tr>\n<td>88\u00d7118 cm<\/td>\n<td>16002.009<\/td>\n<\/tr>\n<tr>\n<td>58\u00d788 cm<\/td>\n<td>16002.010<\/td>\n<\/tr>\n<\/tr>\n<\/tbody>\n<\/table>\n","protected":false},"excerpt":{"rendered":"<p>Curve Wei\u00dfwandtafel Curve ist eine rahmenlose Whiteboard-Tafel mit abgerundeten Ecken und schwarz lackierten R\u00e4ndern. Die Tafel kann wie ein Designobjekt aufgeh\u00e4ngt werden. Inklusiv verdeckter Montage. Montieren<span class=\"excerpt-hellip\"> [\u2026]<\/span><\/p>\n","protected":false},"author":1,"featured_media":0,"parent":58,"menu_order":0,"comment_status":"closed","ping_status":"closed","template":"","meta":{"spay_email":""},"jetpack_sharing_enabled":true,"jetpack_shortlink":"https:\/\/wp.me\/P9EdkG-4H","_links":{"self":[{"href":"https:\/\/schultafel24.eu\/index.php\/wp-json\/wp\/v2\/pages\/291"}],"collection":[{"href":"https:\/\/schultafel24.eu\/index.php\/wp-json\/wp\/v2\/pages"}],"about":[{"href":"https:\/\/schultafel24.eu\/index.php\/wp-json\/wp\/v2\/types\/page"}],"author":[{"embeddable":true,"href":"https:\/\/schultafel24.eu\/index.php\/wp-json\/wp\/v2\/users\/1"}],"replies":[{"embeddable":true,"href":"https:\/\/schultafel24.eu\/index.php\/wp-json\/wp\/v2\/comments?post=291"}],"version-history":[{"count":7,"href":"https:\/\/schultafel24.eu\/index.php\/wp-json\/wp\/v2\/pages\/291\/revisions"}],"predecessor-version":[{"id":1417,"href":"https:\/\/schultafel24.eu\/index.php\/wp-json\/wp\/v2\/pages\/291\/revisions\/1417"}],"up":[{"embeddable":true,"href":"https:\/\/schultafel24.eu\/index.php\/wp-json\/wp\/v2\/pages\/58"}],"wp:attachment":[{"href":"https:\/\/schultafel24.eu\/index.php\/wp-json\/wp\/v2\/media?parent=291"}],"curies":[{"name":"wp","href":"https:\/\/api.w.org\/{rel}","templated":true}]}}