{"id":295,"date":"2018-01-11T09:30:12","date_gmt":"2018-01-11T08:30:12","guid":{"rendered":"http:\/\/new.schultafel24.eu\/Individual\/?page_id=295"},"modified":"2018-03-06T14:43:34","modified_gmt":"2018-03-06T13:43:34","slug":"sharp-weisswandtafel","status":"publish","type":"page","link":"https:\/\/schultafel24.eu\/index.php\/massgeschneiderte-loesungen\/sharp-weisswandtafel\/","title":{"rendered":"Sharp Whiteboard"},"content":{"rendered":"<h2><b><br \/>\nSharp Wei\u00dfwandtafel<br \/>\n<\/b><\/h2>\n<p>Rahmenlose Whiteboard-Tafel (Dicke 10mm) mit rechte Ecken und weiss lackierten R\u00e4ndern, sodass mehrere Tafeln modular und fl\u00e4chendeckend an der Wand montiert werden k\u00f6nnen. Das Ergebnis ist eine fast nahtlose modulare Schreibwand, die es Ihnen erm\u00f6glicht, die gesamte Breite der Wand zu nutzen.<br \/>\nAlle Chameleon Writing-Tafeln verf\u00fcgen \u00fcber eine qualitativ hochwertige Schreiboberfl\u00e4che aus wei\u00df emailliertem Stahl (800 \u00b0C), die eine lange Lebensdauer gew\u00e4hrleistet.<br \/>\nAusschnitt oder bedruckt:<br \/>\nF\u00fcr uns ist es m\u00f6glich jede gew\u00fcnschte Form aus einem Whiteboard schneiden.<br \/>\nErg\u00e4nzen Sie die kreative Gestaltung Ihrer Schreibwandl\u00f6sung mit einem (Full-Colour)Aufdruck nach Wunsch. Lebendige, farbenfrohe Drucke mit starken Kontrasten, eine funktionale Einteilung oder schlicht und ergreifend Ihr Logo: nichts ist unm\u00f6glich.<br \/>\nNeben wei\u00dfer Emaille sind auch Kreidetafeln in Grau oder Gr\u00fcn, Projektionsoberfl\u00e4chen erh\u00e4ltlich. Alle Oberfl\u00e4chen sind magnethaltig, beschreibbar und k\u00f6nnen trocken abgewischt werden.<\/p>\n<table>\n<tbody>\n<tr>\n<td><b>Ma\u00dfe<\/b><\/td>\n<td><b>Artikelnummer<\/b><\/td>\n<\/tr>\n<tr>\n<td>118\u00d7298 cm<\/td>\n<td>16001.001<\/td>\n<\/tr>\n<tr>\n<td>118\u00d7238 cm<\/td>\n<td>16001.002<\/td>\n<\/tr>\n<tr>\n<td>118\u00d7178 cm<\/td>\n<td>16001.003<\/td>\n<\/tr>\n<tr>\n<td>118\u00d7148 cm<\/td>\n<td>16001.004<\/td>\n<\/tr>\n<tr>\n<td>98\u00d7198 cm<\/td>\n<td>16001.005<\/td>\n<\/tr>\n<tr>\n<td>98\u00d7148 cm<\/td>\n<td>16001.006<\/td>\n<\/tr>\n<tr>\n<td>98\u00d798 cm<\/td>\n<td>16001.007<\/td>\n<\/tr>\n<tr>\n<td>88\u00d7178 cm<\/td>\n<td>16001.008<\/td>\n<\/tr>\n<tr>\n<td>88\u00d7118 cm<\/td>\n<td>16001.009<\/td>\n<\/tr>\n<tr>\n<td>58\u00d788 cm<\/td>\n<td>16001.010<\/td>\n<\/tr>\n<\/tr>\n<\/tbody>\n<\/table>\n","protected":false},"excerpt":{"rendered":"<p>Sharp Wei\u00dfwandtafel Rahmenlose Whiteboard-Tafel (Dicke 10mm) mit rechte Ecken und weiss lackierten R\u00e4ndern, sodass mehrere Tafeln modular und fl\u00e4chendeckend an der Wand montiert werden k\u00f6nnen. Das<span class=\"excerpt-hellip\"> [\u2026]<\/span><\/p>\n","protected":false},"author":1,"featured_media":0,"parent":58,"menu_order":0,"comment_status":"closed","ping_status":"closed","template":"","meta":{"spay_email":""},"jetpack_sharing_enabled":true,"jetpack_shortlink":"https:\/\/wp.me\/P9EdkG-4L","_links":{"self":[{"href":"https:\/\/schultafel24.eu\/index.php\/wp-json\/wp\/v2\/pages\/295"}],"collection":[{"href":"https:\/\/schultafel24.eu\/index.php\/wp-json\/wp\/v2\/pages"}],"about":[{"href":"https:\/\/schultafel24.eu\/index.php\/wp-json\/wp\/v2\/types\/page"}],"author":[{"embeddable":true,"href":"https:\/\/schultafel24.eu\/index.php\/wp-json\/wp\/v2\/users\/1"}],"replies":[{"embeddable":true,"href":"https:\/\/schultafel24.eu\/index.php\/wp-json\/wp\/v2\/comments?post=295"}],"version-history":[{"count":6,"href":"https:\/\/schultafel24.eu\/index.php\/wp-json\/wp\/v2\/pages\/295\/revisions"}],"predecessor-version":[{"id":1045,"href":"https:\/\/schultafel24.eu\/index.php\/wp-json\/wp\/v2\/pages\/295\/revisions\/1045"}],"up":[{"embeddable":true,"href":"https:\/\/schultafel24.eu\/index.php\/wp-json\/wp\/v2\/pages\/58"}],"wp:attachment":[{"href":"https:\/\/schultafel24.eu\/index.php\/wp-json\/wp\/v2\/media?parent=295"}],"curies":[{"name":"wp","href":"https:\/\/api.w.org\/{rel}","templated":true}]}}