{"id":331,"date":"2018-02-10T11:00:22","date_gmt":"2018-02-10T10:00:22","guid":{"rendered":"http:\/\/new.schultafel24.eu\/Individual\/index.php\/agb\/"},"modified":"2020-09-28T13:01:09","modified_gmt":"2020-09-28T11:01:09","slug":"agb","status":"publish","type":"page","link":"https:\/\/schultafel24.eu\/index.php\/agb\/","title":{"rendered":"AGB"},"content":{"rendered":"<p>Allgemeine Gesch\u00e4ftsbedingungen und Kundeninformationen<br \/>\nI. Allgemeine Gesch\u00e4ftsbedingungen<br \/>\n\u00a7 1 Grundlegende Bestimmungen<br \/>\n(1) Die nachstehenden Gesch\u00e4ftsbedingungen gelten f\u00fcr alle Vertr\u00e4ge, die Sie mit uns als Anbieter (POV GmbH,<br \/>\nSchmielenweg 66, 41372 Niederkr\u00fcchten, Deutschland) \u00fcber die Internetseite www.schultafel24.eu schlie\u00dfen,<br \/>\nsoweit nicht schriftlich zwischen den Parteien eine Ab\u00e4nderung vereinbart wird. Abweichende oder<br \/>\nentgegenstehende Gesch\u00e4ftsbedingungen sind nur mit unserer ausdr\u00fccklichen Zustimmung wirksam.<br \/>\n(2) Wir bieten unsere Ware nur zum Kauf an, soweit Sie eine nat\u00fcrliche oder juristische Person oder eine<br \/>\nrechtsf\u00e4hige Personengesellschaft sind, die bei Abschluss des Rechtsgesch\u00e4fts in Aus\u00fcbung ihrer gewerblichen<br \/>\noder selbst\u00e4ndigen beruflichen T\u00e4tigkeit handelt (Unternehmer). Ein Kaufvertragsabschluss mit Verbrauchern ist<br \/>\nausgeschlossen.<br \/>\n\u00a7 2 Zustandekommen des Vertrages<br \/>\n(1) Gegenstand des Vertrages ist der Verkauf von Waren. Die wesentlichen Merkmale der Ware finden sich im<br \/>\njeweiligen Angebot.<br \/>\n(2) Bereits mit dem Einstellen des jeweiligen Produkts auf unserer Internetseite unterbreiten wir Ihnen ein<br \/>\nverbindliches Angebot zum Abschluss eines Vertrages \u00fcber das Online-Warenkorbsystem zu den im jeweiligen<br \/>\nAngebot angegebenen Bedingungen.<br \/>\n(3) Der Vertrag kommt \u00fcber das Online-Warenkorbsystem wie folgt zustande:<br \/>\nDie zum Kauf beabsichtigten Waren werden im &#8222;Warenkorb&#8220; abgelegt. \u00dcber die entsprechende Schaltfl\u00e4che in<br \/>\nder Navigationsleiste k\u00f6nnen Sie den &#8222;Warenkorb&#8220; aufrufen und dort jederzeit \u00c4nderungen vornehmen.<br \/>\nNach Aufrufen der Seite &#8222;Kasse&#8220; und der Eingabe der pers\u00f6nlichen Daten sowie der Zahlungs- und<br \/>\nVersandbedingungen werden abschlie\u00dfend nochmals alle Bestelldaten auf der Bestell\u00fcbersichtsseite angezeigt.<br \/>\nSoweit Sie als Zahlungsart ein Sofortzahl-System (z.B. PayPal \/ PayPal Express, Amazon-Payments, Postpay,<br \/>\nSofort) nutzen, werden Sie entweder in unserem Online-Shop auf die Bestell\u00fcbersichtsseite gef\u00fchrt oder Sie<br \/>\nwerden zun\u00e4chst auf die Internetseite des Anbieters des Sofortzahl-Systems weitergeleitet.<br \/>\nErfolgt die Weiterleitung zu dem jeweiligen Sofortzahl-System, nehmen Sie dort die entsprechende Auswahl bzw.<br \/>\nEingabe Ihrer Daten vor. Abschlie\u00dfend werden Sie zur\u00fcck in unseren Online-Shop auf die Bestell\u00fcbersichtsseite<br \/>\ngeleitet.<br \/>\nVor Absenden der Bestellung haben Sie die M\u00f6glichkeit, hier s\u00e4mtliche Angaben nochmals zu \u00fcberpr\u00fcfen, zu<br \/>\n\u00e4ndern (auch \u00fcber die Funktion \u201ezur\u00fcck&#8220; des Internetbrowsers) bzw. den Kauf abzubrechen. Mit dem Absenden<br \/>\nder Bestellung \u00fcber die entsprechende Schaltfl\u00e4che erkl\u00e4ren Sie rechtsverbindlich die Annahme des Angebotes,<br \/>\nwodurch der Vertrag zustande kommt.<br \/>\n(4) Sie k\u00f6nnen ferner ein verbindliches Vertragsangebot (Bestellung) telefonisch, per E-Mail, per Fax oder per<br \/>\nPost abgeben.<br \/>\nDie Annahme des Angebots (und damit der Vertragsabschluss) erfolgt bei Bestellung per Telefon sofort oder<br \/>\nsp\u00e4testens innerhalb von 5 Tagen durch Best\u00e4tigung in Textform (z.B. E-Mail), in welcher Ihnen die Ausf\u00fchrung<br \/>\nder Bestellung oder Auslieferung der Ware best\u00e4tigt wird (Auftragsbest\u00e4tigung).<br \/>\nSollten Sie innerhalb dieser Frist keine entsprechende Nachricht erhalten haben, sind Sie nicht mehr an Ihre<br \/>\nBestellung gebunden. Gegebenenfalls bereits erbrachte Leistungen werden in diesem Fall unverz\u00fcglich<br \/>\nzur\u00fcckerstattet.<br \/>\n(5) Auf Anfrage erstellen wir Ihnen ein individuelles Angebot, welches Ihnen in Textform zugesandt wird und an<br \/>\ndas wir uns 5 Tage gebunden halten. Sie nehmen das Angebot mit Best\u00e4tigung in Textform an.<br \/>\n(6) Die Abwicklung der Bestellung und \u00dcbermittlung aller im Zusammenhang mit dem Vertragsschluss<br \/>\nerforderlichen Informationen erfolgt per E-Mail zum Teil automatisiert. Sie haben deshalb sicherzustellen, dass<br \/>\ndie von Ihnen bei uns hinterlegte E-Mail-Adresse zutreffend ist, der Empfang der E-Mails technisch sichergestellt<br \/>\nund insbesondere nicht durch SPAM-Filter verhindert wird.<br \/>\n3 Individuell gestaltete Waren<br \/>\n(1) Sie stellen uns die f\u00fcr die individuelle Gestaltung der Waren erforderlichen geeigneten Informationen, Texte<br \/>\noder Dateien \u00fcber das Online-Bestellsystem oder sp\u00e4testens unverz\u00fcglich nach Vertragsschluss per E-Mail zur<br \/>\nVerf\u00fcgung. Unsere etwaigen Vorgaben zu Dateiformaten sind zu beachten.<br \/>\n(2) Sie verpflichten sich, keine Daten zu \u00fcbermitteln, deren Inhalt Rechte Dritter (insbesondere Urheberrechte,<br \/>\nNamensrechte, Markenrechte) verletzen oder gegen bestehende Gesetze versto\u00dfen. Sie stellen uns<br \/>\nausdr\u00fccklich von s\u00e4mtlichen in diesem Zusammenhang geltend gemachten Anspr\u00fcchen Dritter frei. Das betrifft<br \/>\nauch die Kosten der in diesem Zusammenhang erforderlichen rechtlichen Vertretung.<br \/>\n(3) Wir nehmen keine Pr\u00fcfung der \u00fcbermittelten Daten auf inhaltliche Richtigkeit vor und \u00fcbernehmen insoweit<br \/>\nkeine Haftung f\u00fcr Fehler.<br \/>\n(4) Soweit im jeweiligen Angebot angegeben, erhalten Sie von uns eine Korrekturvorlage \u00fcbersandt, die von<br \/>\nIhnen unverz\u00fcglich zu pr\u00fcfen ist. Sind Sie mit dem Entwurf einverstanden, geben Sie die Korrekturvorlage durch<br \/>\nGegenzeichnung in Textform (z.B. E-Mail) zur Ausf\u00fchrung frei.<br \/>\nEine Ausf\u00fchrung der Gestaltungsarbeiten ohne Ihre Freigabe erfolgt nicht.<br \/>\nSie sind daf\u00fcr verantwortlich, die Korrekturvorlage auf Richtigkeit und Vollst\u00e4ndigkeit zu \u00fcberpr\u00fcfen und uns<br \/>\netwaige Fehler mitzuteilen. Wir \u00fcbernehmen keine Haftung f\u00fcr nichtbeanstandete Fehler.<br \/>\n\u00a7 4 Preise, Zahlungsbedingungen und Versandkosten<br \/>\n(1) Die in den jeweiligen Angeboten angef\u00fchrten Preise sowie die Versandkosten stellen Nettopreise dar. Sie<br \/>\nbeinhalten nicht die gesetzliche Mehrwertsteuer.<br \/>\n(2) Die anfallenden Versandkosten sind nicht im Kaufpreis enthalten, sie werden gesondert berechnet, soweit<br \/>\nnicht die versandkostenfreie Lieferung zugesagt ist. N\u00e4here Einzelheiten finden sich unter einer entsprechend<br \/>\nbezeichneten Schaltfl\u00e4che auf unserer Internetpr\u00e4senz oder im jeweiligen Angebot.<br \/>\n(3) Sie haben die unter einer entsprechend bezeichneten Schaltfl\u00e4che auf unserer Internetpr\u00e4senz oder im<br \/>\njeweiligen Angebot ausgewiesenen Zahlungsm\u00f6glichkeiten. Soweit bei den einzelnen Zahlungsarten oder auf der<br \/>\nRechnung keine andere Zahlungsfrist angegeben ist, sind die Zahlungsanspr\u00fcche aus dem geschlossenen<br \/>\nVertrag sofort zur Zahlung f\u00e4llig. Der Abzug von Skonti ist nur zul\u00e4ssig, sofern im jeweiligen Angebot oder in der<br \/>\nRechnung ausdr\u00fccklich ausgewiesen.<br \/>\n\u00a7 5 Lieferbedingungen<br \/>\n(1) Die voraussichtliche Lieferfrist ist im jeweiligen Angebot angegeben. Liefertermine und Lieferfristen sind nur<br \/>\nverbindlich, wenn sie von uns schriftlich best\u00e4tigt wurden. Bei der Zahlart Vorkasse per \u00dcberweisung erfolgt die<br \/>\nVersendung der Ware erst nach Eingang des vollst\u00e4ndigen Kaufpreises und der Versandkosten bei uns.<br \/>\n(2) Sollte ein von Ihnen bestelltes Produkt wider Erwarten trotz rechtzeitigem Abschluss eines ad\u00e4quaten<br \/>\nDeckungsgesch\u00e4ftes aus einem von uns nicht zu vertretenden Grund nicht verf\u00fcgbar sein, werden Sie<br \/>\nunverz\u00fcglich \u00fcber die Nichtverf\u00fcgbarkeit informiert und im Falle des R\u00fccktritts etwa bereits geleistete Zahlungen<br \/>\nunverz\u00fcglich erstattet.<br \/>\n(3) Die Versendung erfolgt auf Ihre Gefahr. Sofern Sie es w\u00fcnschen, erfolgt der Versand mit einer<br \/>\nentsprechenden Transportversicherung, wobei die hierdurch entstehenden Kosten von Ihnen zu \u00fcbernehmen<br \/>\nsind.<br \/>\n(4) Teillieferungen sind zul\u00e4ssig und k\u00f6nnen von uns selbstst\u00e4ndig in Rechnung gestellt werden, sofern Sie<br \/>\nhierdurch nicht mit Mehrkosten f\u00fcr den Versand belastet werden.<br \/>\n\u00a7 6 Gew\u00e4hrleistung<br \/>\n(1) Die Gew\u00e4hrleistungsfrist betr\u00e4gt ein Jahr ab Ablieferung der Sache. Die Fristverk\u00fcrzung gilt nicht:<br \/>\nf\u00fcr uns zurechenbare schuldhaft verursachte Sch\u00e4den aus der Verletzung des Lebens, des K\u00f6rpers oder<br \/>\nder Gesundheit und bei vors\u00e4tzlich oder grob fahrl\u00e4ssig verursachten sonstigen Sch\u00e4den;<br \/>\nsoweit wir den Mangel arglistig verschwiegen oder eine Garantie f\u00fcr die Beschaffenheit der Sache<br \/>\n\u00fcbernommen haben;<br \/>\nbei Sachen, die entsprechend ihrer \u00fcblichen Verwendungsweise f\u00fcr ein Bauwerk verwendet worden sind<br \/>\nund dessen Mangelhaftigkeit verursacht haben;<br \/>\nbei gesetzlichen R\u00fcckgriffsanspr\u00fcchen, die Sie im Zusammenhang mit M\u00e4ngelrechten gegen uns haben.<br \/>\n(2) Als Beschaffenheit der Sache gelten nur unsere eigenen Angaben und die Produktbeschreibung des<br \/>\nHerstellers als vereinbart, nicht jedoch sonstige Werbung, \u00f6ffentliche Anpreisungen und \u00c4u\u00dferungen des<br \/>\nHerstellers.<br \/>\n(3) Bei M\u00e4ngeln leisten wir nach unserer Wahl Gew\u00e4hr durch Nachbesserung oder Nachlieferung. Schl\u00e4gt die<br \/>\nMangelbeseitigung fehl, k\u00f6nnen Sie nach Ihrer Wahl Minderung verlangen oder vom Vertrag zur\u00fccktreten. Die<br \/>\nM\u00e4ngelbeseitigung gilt nach erfolglosem zweiten Versuch als fehlgeschlagen, wenn sich nicht insbesondere aus<br \/>\nder Art der Sache oder des Mangels oder den sonstigen Umst\u00e4nden etwas anderes ergibt. Im Falle der<br \/>\nNachbesserung m\u00fcssen wir nicht die erh\u00f6hten Kosten tragen, die durch die Verbringung der Ware an einen<br \/>\nanderen Ort als den Erf\u00fcllungsort entstehen, sofern die Verbringung nicht dem bestimmungsgem\u00e4\u00dfen Gebrauch<br \/>\nder Ware entspricht.<br \/>\n\u00a7 7 Zur\u00fcckbehaltungsrecht, Eigentumsvorbehalt<br \/>\n(1) Ein Zur\u00fcckbehaltungsrecht k\u00f6nnen Sie nur aus\u00fcben, soweit es sich um Forderungen aus demselben<br \/>\nVertragsverh\u00e4ltnis handelt.<br \/>\n(2) Wir behalten uns das Eigentum an der Ware bis zum vollst\u00e4ndigen Ausgleich aller Forderungen aus der<br \/>\nlaufenden Gesch\u00e4ftsbeziehung vor. Vor \u00dcbergang des Eigentums an der Vorbehaltsware ist eine Verpf\u00e4ndung<br \/>\noder Sicherheits\u00fcbereignung nicht zul\u00e4ssig.<br \/>\n(3) Sie k\u00f6nnen die Ware im ordentlichen Gesch\u00e4ftsgang weiterverkaufen. F\u00fcr diesen Fall treten Sie bereits jetzt<br \/>\nalle Forderungen in H\u00f6he des Rechnungsbetrages, die Ihnen aus dem Weiterverkauf erwachsen, an uns ab, wir<br \/>\nnehmen die Abtretung an. Sie sind weiter zur Einziehung der Forderung erm\u00e4chtigt. Soweit Sie Ihren<br \/>\nZahlungsverpflichtungen nicht ordnungsgem\u00e4\u00df nachkommen, behalten wir uns allerdings vor, die Forderung<br \/>\nselbst einzuziehen.<br \/>\n(4) Bei Verbindung und Vermischung der Vorbehaltsware erwerben wir Miteigentum an der neuen Sache im<br \/>\nVerh\u00e4ltnis des Rechnungswertes der Vorbehaltsware zu den anderen verarbeiteten Gegenst\u00e4nden zum<br \/>\nZeitpunkt der Verarbeitung.<br \/>\n(5) Wir verpflichten uns, die Ihnen zustehenden Sicherheiten auf Ihr Verlangen insoweit freizugeben, als der<br \/>\nrealisierbare Wert unserer Sicherheiten die zu sichernde Forderung um mehr als 10% \u00fcbersteigt. Die Auswahl<br \/>\nder freizugebenden Sicherheiten obliegt uns.<br \/>\n\u00a7 8 Rechtswahl, Erf\u00fcllungsort, Gerichtsstand<br \/>\n(1) Es gilt deutsches Recht unter Ausschluss des UN-Kaufrechts.<br \/>\n(2) Erf\u00fcllungsort sowie Gerichtsstand ist unser Sitz, soweit Sie Kaufmann, juristische Person des \u00f6ffentlichen<br \/>\nRechts oder \u00f6ffentlich-rechtliches Sonderverm\u00f6gen sind. Dasselbe gilt, wenn Sie keinen allgemeinen<br \/>\nGerichtsstand in Deutschland oder der EU haben.<br \/>\n____________________________________________________________________________________________________<br \/>\nII. Kundeninformationen<br \/>\n1. Identit\u00e4t des Verk\u00e4ufers<br \/>\nPOV GmbH<br \/>\nSchmielenweg 66<br \/>\n41372 Niederkr\u00fcchten<br \/>\nDeutschland<br \/>\nTelefon: 021634999676<br \/>\nE-Mail: info@pov-gmbh.de<br \/>\n2. Informationen zum Zustandekommen des Vertrages<br \/>\nDie technischen Schritte zum Vertragsschluss und der Vertragsschluss selbst, sowie die Korrekturm\u00f6glichkeiten<br \/>\nerfolgen nach Ma\u00dfgabe des \u00a7 2 unserer Allgemeinen Gesch\u00e4ftsbedingungen (Teil I).<br \/>\n3. Vertragssprache, Vertragstextspeicherung<br \/>\n3.1. Vertragssprache ist deutsch.<br \/>\n3.2. Der vollst\u00e4ndige Vertragstext wird von uns nicht gespeichert. Vor Absenden der Bestellung oder der Anfrage<br \/>\nk\u00f6nnen die Vertragsdaten \u00fcber die Druckfunktion des Browsers ausgedruckt oder elektronisch gesichert werden.<br \/>\nDiese AGB wurden von den auf IT-Recht spezialisierten Juristen des H\u00e4ndlerbundes erstellt und werden<br \/>\npermanent auf Rechtskonformit\u00e4t gepr\u00fcft. Die H\u00e4ndlerbund Management AG garantiert f\u00fcr die Rechtssicherheit<br \/>\nder Texte und haftet im Falle von Abmahnungen. N\u00e4here Informationen dazu finden Sie unter:<br \/>\nhttp:\/\/www.haendlerbund.de\/agb-service.<br \/>\nletzte Aktualisierung: 07.12.2017<\/p>\n","protected":false},"excerpt":{"rendered":"<p>Allgemeine Gesch\u00e4ftsbedingungen und Kundeninformationen I. Allgemeine Gesch\u00e4ftsbedingungen \u00a7 1 Grundlegende Bestimmungen (1) Die nachstehenden Gesch\u00e4ftsbedingungen gelten f\u00fcr alle Vertr\u00e4ge, die Sie mit uns als Anbieter (POV<span class=\"excerpt-hellip\"> [\u2026]<\/span><\/p>\n","protected":false},"author":1,"featured_media":0,"parent":0,"menu_order":0,"comment_status":"closed","ping_status":"closed","template":"","meta":{"spay_email":""},"jetpack_sharing_enabled":true,"jetpack_shortlink":"https:\/\/wp.me\/P9EdkG-5l","_links":{"self":[{"href":"https:\/\/schultafel24.eu\/index.php\/wp-json\/wp\/v2\/pages\/331"}],"collection":[{"href":"https:\/\/schultafel24.eu\/index.php\/wp-json\/wp\/v2\/pages"}],"about":[{"href":"https:\/\/schultafel24.eu\/index.php\/wp-json\/wp\/v2\/types\/page"}],"author":[{"embeddable":true,"href":"https:\/\/schultafel24.eu\/index.php\/wp-json\/wp\/v2\/users\/1"}],"replies":[{"embeddable":true,"href":"https:\/\/schultafel24.eu\/index.php\/wp-json\/wp\/v2\/comments?post=331"}],"version-history":[{"count":3,"href":"https:\/\/schultafel24.eu\/index.php\/wp-json\/wp\/v2\/pages\/331\/revisions"}],"predecessor-version":[{"id":824,"href":"https:\/\/schultafel24.eu\/index.php\/wp-json\/wp\/v2\/pages\/331\/revisions\/824"}],"wp:attachment":[{"href":"https:\/\/schultafel24.eu\/index.php\/wp-json\/wp\/v2\/media?parent=331"}],"curies":[{"name":"wp","href":"https:\/\/api.w.org\/{rel}","templated":true}]}}