{"id":772,"date":"2018-02-19T14:54:54","date_gmt":"2018-02-19T13:54:54","guid":{"rendered":"http:\/\/new.schultafel24.eu\/Individual\/?page_id=772"},"modified":"2019-02-04T11:56:37","modified_gmt":"2019-02-04T10:56:37","slug":"ueber-uns","status":"publish","type":"page","link":"https:\/\/schultafel24.eu\/index.php\/ueber-uns\/","title":{"rendered":"\u00dcber uns"},"content":{"rendered":"<h1>Wir \u00fcber uns<\/h1>\n<p><big><big>Die POV GmbH wurde 1993 in D\u00fcsseldorf gegr\u00fcndet mit dem Unternehmenszweck Bindesysteme jeglicher Art an\u00a0Steuerberater und Wirtschaftspr\u00fcfer\u00a0bundesweit zu liefern. Schwerpunkt ist hierbei die Beratung f\u00fcr die Herstellung\u00a0individuell hergestellter Bilanzmappen\u00a0mit eigenem Druck der Kunden. Gerne k\u00f6nnen sie mit Herrn Hubert Henkel unter Telefonnummer\u00a002163\/ 4999676\u00a0zwecks Beratung Kontakt aufnehmen.\u00a0<\/big><\/big><\/p>\n<p><big><big>Im Laufe der Zeit wurden auch gewerbliche Kunden in anderen Zielgruppen dazu gewonnen. 2004 erweiterte sich das Produktspektrum mit Kopierpapier und 2005 mit dem kompletten B\u00fcroartikelprogramm. Unseren Kunden bieten wir einen B\u00fcroartikelkatalog, den wir gerne kostenlos zusenden, an. Den B\u00fcroartikelkatalog k\u00f6nnen Sie auch online finden in unserem\u00a0<a href=\"https:\/\/www.pov-gmbh.de\/Bueroartikel\">B\u00fcroartikelshop<\/a>.<\/big><\/big><\/p>\n<p><big><big>Zielsetzung war und ist, den Kunden immer den besten Service bieten zu k\u00f6nnen. Pers\u00f6nliche Ansprechpartner und schnelle Auslieferung ist f\u00fcr uns selbstverst\u00e4ndlich. Im Januar 2006 erfolgte der Umzug nach Niederkr\u00fcchten-Elmpt in neuen modernen B\u00fcro- und Lagerr\u00e4umen. Im Sommer 2006\u00a0wurde als weiteres Gesch\u00e4ftsfeld der Seminar- und Moderationsbedarf aufgenommen. Hierbei spezialisieren wir uns auf die Vermarktung von<strong>Schauk\u00e4sten, Magnet- und Moderationstafeln<\/strong>, die im Internetshop\u00a0<a href=\"http:\/\/www.povgmbh.de\/\" target=\"_blank\" rel=\"noopener\">www.pov-gmbh.de<\/a>\u00a0<\/big><\/big><big><big>pr\u00e4sentiert werden.<\/big><\/big><\/p>\n<p><big><big>Um den Service zu verbessern bieten wir jetzt\u00a0<strong>bundesweit die Montage von Tafeln\u00a0<\/strong>insbesondere Schultafeln an. F\u00fcr die Schulen k\u00f6nnen wir auch Fahrradst\u00e4nder, Vitrinen und Klapprahmen liefern.<\/big><\/big><\/p>\n<p><big><big>Wir haben f\u00fcr Sie einen umfangreichen Online-Shop aufgebaut. Falls Sie Artikel nicht finden oder Fragen haben, rufen Sie uns unter der Tel.-Nr. 02163\/ 4999676 an. Wir beraten Sie gerne und erstellen f\u00fcr Sie, wenn gew\u00fcnscht, ein passendes Angebot.<\/big><\/big><\/p>\n","protected":false},"excerpt":{"rendered":"<p>Wir \u00fcber uns Die POV GmbH wurde 1993 in D\u00fcsseldorf gegr\u00fcndet mit dem Unternehmenszweck Bindesysteme jeglicher Art an\u00a0Steuerberater und Wirtschaftspr\u00fcfer\u00a0bundesweit zu liefern. Schwerpunkt ist hierbei die<span class=\"excerpt-hellip\"> [\u2026]<\/span><\/p>\n","protected":false},"author":1,"featured_media":0,"parent":0,"menu_order":0,"comment_status":"closed","ping_status":"closed","template":"","meta":{"spay_email":""},"jetpack_sharing_enabled":true,"jetpack_shortlink":"https:\/\/wp.me\/P9EdkG-cs","_links":{"self":[{"href":"https:\/\/schultafel24.eu\/index.php\/wp-json\/wp\/v2\/pages\/772"}],"collection":[{"href":"https:\/\/schultafel24.eu\/index.php\/wp-json\/wp\/v2\/pages"}],"about":[{"href":"https:\/\/schultafel24.eu\/index.php\/wp-json\/wp\/v2\/types\/page"}],"author":[{"embeddable":true,"href":"https:\/\/schultafel24.eu\/index.php\/wp-json\/wp\/v2\/users\/1"}],"replies":[{"embeddable":true,"href":"https:\/\/schultafel24.eu\/index.php\/wp-json\/wp\/v2\/comments?post=772"}],"version-history":[{"count":3,"href":"https:\/\/schultafel24.eu\/index.php\/wp-json\/wp\/v2\/pages\/772\/revisions"}],"predecessor-version":[{"id":1553,"href":"https:\/\/schultafel24.eu\/index.php\/wp-json\/wp\/v2\/pages\/772\/revisions\/1553"}],"wp:attachment":[{"href":"https:\/\/schultafel24.eu\/index.php\/wp-json\/wp\/v2\/media?parent=772"}],"curies":[{"name":"wp","href":"https:\/\/api.w.org\/{rel}","templated":true}]}}