{"id":88,"date":"2017-12-12T09:33:47","date_gmt":"2017-12-12T08:33:47","guid":{"rendered":"http:\/\/new.schultafel24.eu\/Individual\/?page_id=88"},"modified":"2019-02-27T12:42:05","modified_gmt":"2019-02-27T11:42:05","slug":"impressum","status":"publish","type":"page","link":"https:\/\/schultafel24.eu\/index.php\/impressum\/","title":{"rendered":"Impressum"},"content":{"rendered":"<p>Impressum<br \/>\nGesetzliche Anbieterkennung:<br \/>\nPOV GmbH<br \/>\ndiese vertreten durch den Gesch\u00e4ftsf\u00fchrer Claudia Henkel, Hubert Henkel<br \/>\nSchmielenweg 66<br \/>\n41372 Niederkr\u00fcchten<br \/>\nDeutschland<br \/>\nTelefon: 021634999676<br \/>\nTelefax: 021634999675<br \/>\nE-Mail: info@pov-gmbh.de<br \/>\nUSt-IdNr.: DE171397238<br \/>\neingetragen im Handelsregister des Amtsgerichtes M\u00f6nchengladbach<br \/>\nHandelsregisternummer HRB HRB 11515<\/p>\n<p>&nbsp;<\/p>\n<p><strong>Alternative Streitbeilegung:<\/strong><br \/>\nDie Europ\u00e4ische Kommission stellt eine Plattform f\u00fcr die au\u00dfergerichtliche Online-Streitbeilegung (OS-Plattform) bereit, aufrufbar unter\u00a0<a href=\"https:\/\/ec.europa.eu\/odr\" target=\"_blank\" rel=\"noopener\">https:\/\/ec.europa.eu\/odr<\/a>.<\/p>\n","protected":false},"excerpt":{"rendered":"<p>Impressum Gesetzliche Anbieterkennung: POV GmbH diese vertreten durch den Gesch\u00e4ftsf\u00fchrer Claudia Henkel, Hubert Henkel Schmielenweg 66 41372 Niederkr\u00fcchten Deutschland Telefon: 021634999676 Telefax: 021634999675 E-Mail: info@pov-gmbh.de USt-IdNr.:<span class=\"excerpt-hellip\"> [\u2026]<\/span><\/p>\n","protected":false},"author":1,"featured_media":0,"parent":0,"menu_order":0,"comment_status":"closed","ping_status":"closed","template":"","meta":{"spay_email":""},"jetpack_sharing_enabled":true,"jetpack_shortlink":"https:\/\/wp.me\/P9EdkG-1q","_links":{"self":[{"href":"https:\/\/schultafel24.eu\/index.php\/wp-json\/wp\/v2\/pages\/88"}],"collection":[{"href":"https:\/\/schultafel24.eu\/index.php\/wp-json\/wp\/v2\/pages"}],"about":[{"href":"https:\/\/schultafel24.eu\/index.php\/wp-json\/wp\/v2\/types\/page"}],"author":[{"embeddable":true,"href":"https:\/\/schultafel24.eu\/index.php\/wp-json\/wp\/v2\/users\/1"}],"replies":[{"embeddable":true,"href":"https:\/\/schultafel24.eu\/index.php\/wp-json\/wp\/v2\/comments?post=88"}],"version-history":[{"count":4,"href":"https:\/\/schultafel24.eu\/index.php\/wp-json\/wp\/v2\/pages\/88\/revisions"}],"predecessor-version":[{"id":1555,"href":"https:\/\/schultafel24.eu\/index.php\/wp-json\/wp\/v2\/pages\/88\/revisions\/1555"}],"wp:attachment":[{"href":"https:\/\/schultafel24.eu\/index.php\/wp-json\/wp\/v2\/media?parent=88"}],"curies":[{"name":"wp","href":"https:\/\/api.w.org\/{rel}","templated":true}]}}