{"id":921,"date":"2018-02-22T09:08:04","date_gmt":"2018-02-22T08:08:04","guid":{"rendered":"http:\/\/schultafel24.eu\/?page_id=921"},"modified":"2018-03-06T14:57:52","modified_gmt":"2018-03-06T13:57:52","slug":"flipchart-osaka","status":"publish","type":"page","link":"https:\/\/schultafel24.eu\/index.php\/massgeschneiderte-loesungen\/flipchart-osaka\/","title":{"rendered":"Flipchart Osaka"},"content":{"rendered":"<h2>\n<b><br \/>\nFlipchart Osaka<br \/>\n<\/b><br \/>\n<\/h2>\n<p>Kann eine Flipchart \u201esexy\u201c sein? Aber sicher! Elegant dank der prachtvollen Rundungen, stilvoll dank des schlanken Gestells. Dennoch steht dieses Modell mit seinem gut ausbalancierten Gestell solide auf dem Boden. Chameleon Osaka kann mit Fug und Recht als Glanzst\u00fcck des B\u00fcrodesigns bezeichnet werden! Blick f\u00fcrs Detail: Ein wahrer Blickfang ist diese Multiplex-Tafel mit ihrer attraktiven, aus einem St\u00fcck gebogenen Ablage f\u00fcr Schreibbedarf. Der Rahmen aus poliertem Edelstahlrohr sorgt f\u00fcr ein solides Fundament auf stabilen Rollen. Der abgedeckte Papierblockhalter verleiht dem minimalistischen Design den letzten Schliff. Abmessungen: H\u00f6he 180 cm, Breite 81 cm. Tiefe an den Beinen 60 cm.<\/p>\n","protected":false},"excerpt":{"rendered":"<p>Flipchart Osaka Kann eine Flipchart \u201esexy\u201c sein? Aber sicher! Elegant dank der prachtvollen Rundungen, stilvoll dank des schlanken Gestells. Dennoch steht dieses Modell mit seinem gut<span class=\"excerpt-hellip\"> [\u2026]<\/span><\/p>\n","protected":false},"author":1,"featured_media":0,"parent":58,"menu_order":0,"comment_status":"closed","ping_status":"closed","template":"","meta":{"spay_email":""},"jetpack_sharing_enabled":true,"jetpack_shortlink":"https:\/\/wp.me\/P9EdkG-eR","_links":{"self":[{"href":"https:\/\/schultafel24.eu\/index.php\/wp-json\/wp\/v2\/pages\/921"}],"collection":[{"href":"https:\/\/schultafel24.eu\/index.php\/wp-json\/wp\/v2\/pages"}],"about":[{"href":"https:\/\/schultafel24.eu\/index.php\/wp-json\/wp\/v2\/types\/page"}],"author":[{"embeddable":true,"href":"https:\/\/schultafel24.eu\/index.php\/wp-json\/wp\/v2\/users\/1"}],"replies":[{"embeddable":true,"href":"https:\/\/schultafel24.eu\/index.php\/wp-json\/wp\/v2\/comments?post=921"}],"version-history":[{"count":2,"href":"https:\/\/schultafel24.eu\/index.php\/wp-json\/wp\/v2\/pages\/921\/revisions"}],"predecessor-version":[{"id":1085,"href":"https:\/\/schultafel24.eu\/index.php\/wp-json\/wp\/v2\/pages\/921\/revisions\/1085"}],"up":[{"embeddable":true,"href":"https:\/\/schultafel24.eu\/index.php\/wp-json\/wp\/v2\/pages\/58"}],"wp:attachment":[{"href":"https:\/\/schultafel24.eu\/index.php\/wp-json\/wp\/v2\/media?parent=921"}],"curies":[{"name":"wp","href":"https:\/\/api.w.org\/{rel}","templated":true}]}}